{"id":9898,"date":"2023-09-04T19:07:08","date_gmt":"2023-09-04T19:07:08","guid":{"rendered":"https:\/\/loja.igluloc.com.br\/wp\/?page_id=9898"},"modified":"2023-10-04T20:07:25","modified_gmt":"2023-10-04T20:07:25","slug":"como-alugar","status":"publish","type":"page","link":"https:\/\/loja.igluloc.com.br\/wp\/?page_id=9898","title":{"rendered":"Como alugar"},"content":{"rendered":"\t\t<div data-elementor-type=\"wp-page\" data-elementor-id=\"9898\" class=\"elementor elementor-9898\" data-elementor-post-type=\"page\">\n\t\t\t\t\t\t\t\t\t<section class=\"elementor-section elementor-top-section elementor-element elementor-element-ef221f0 elementor-section-content-middle elementor-section-boxed elementor-section-height-default elementor-section-height-default wd-section-disabled\" data-id=\"ef221f0\" data-element_type=\"section\">\n\t\t\t\t\t\t<div class=\"elementor-container elementor-column-gap-default\">\n\t\t\t\t\t<div class=\"elementor-column elementor-col-50 elementor-top-column elementor-element elementor-element-baacc9f\" data-id=\"baacc9f\" data-element_type=\"column\">\n\t\t\t<div class=\"elementor-widget-wrap elementor-element-populated\">\n\t\t\t\t\t\t\t\t<div class=\"elementor-element elementor-element-772bce0 color-scheme-inherit text-left elementor-widget elementor-widget-text-editor\" data-id=\"772bce0\" data-element_type=\"widget\" data-widget_type=\"text-editor.default\">\n\t\t\t\t<div class=\"elementor-widget-container\">\n\t\t\t<style>\/*! elementor - v3.14.0 - 26-06-2023 *\/\n.elementor-widget-text-editor.elementor-drop-cap-view-stacked .elementor-drop-cap{background-color:#69727d;color:#fff}.elementor-widget-text-editor.elementor-drop-cap-view-framed .elementor-drop-cap{color:#69727d;border:3px solid;background-color:transparent}.elementor-widget-text-editor:not(.elementor-drop-cap-view-default) .elementor-drop-cap{margin-top:8px}.elementor-widget-text-editor:not(.elementor-drop-cap-view-default) .elementor-drop-cap-letter{width:1em;height:1em}.elementor-widget-text-editor .elementor-drop-cap{float:left;text-align:center;line-height:1;font-size:50px}.elementor-widget-text-editor .elementor-drop-cap-letter{display:inline-block}<\/style>\t\t\t\t<p><strong>Passo 1: Encontre o Produto no Site<\/strong><\/p><ol><li>Acesse nosso site.<\/li><li>Navegue pela nossa sele\u00e7\u00e3o de equipamentos de fotografia. Voc\u00ea pode usar a barra de pesquisa para encontrar um item espec\u00edfico ou explorar as categorias.<\/li><li>Clique na imagem ou no nome do produto para obter mais detalhes sobre o equipamento. Aqui, voc\u00ea encontrar\u00e1 informa\u00e7\u00f5es sobre pre\u00e7os, disponibilidade e especifica\u00e7\u00f5es t\u00e9cnicas.<\/li><\/ol>\t\t\t\t\t\t<\/div>\n\t\t\t\t<\/div>\n\t\t\t\t\t<\/div>\n\t\t<\/div>\n\t\t\t\t<div class=\"elementor-column elementor-col-50 elementor-top-column elementor-element elementor-element-4b54b67\" data-id=\"4b54b67\" data-element_type=\"column\">\n\t\t\t<div class=\"elementor-widget-wrap elementor-element-populated\">\n\t\t\t\t\t\t\t\t<div class=\"elementor-element elementor-element-1b1ad49 elementor-widget elementor-widget-image\" data-id=\"1b1ad49\" data-element_type=\"widget\" data-widget_type=\"image.default\">\n\t\t\t\t<div class=\"elementor-widget-container\">\n\t\t\t<style>\/*! elementor - v3.14.0 - 26-06-2023 *\/\n.elementor-widget-image{text-align:center}.elementor-widget-image a{display:inline-block}.elementor-widget-image a img[src$=\".svg\"]{width:48px}.elementor-widget-image img{vertical-align:middle;display:inline-block}<\/style>\t\t\t\t\t\t\t\t\t\t\t\t<img decoding=\"async\" width=\"1300\" height=\"596\" src=\"https:\/\/loja.igluloc.com.br\/wp\/wp-content\/uploads\/2023\/09\/site-ilgu-1300x596.png\" class=\"attachment-large size-large wp-image-9908\" alt=\"\" srcset=\"https:\/\/loja.igluloc.com.br\/wp\/wp-content\/uploads\/2023\/09\/site-ilgu-1300x596.png 1300w, https:\/\/loja.igluloc.com.br\/wp\/wp-content\/uploads\/2023\/09\/site-ilgu-400x183.png 400w, https:\/\/loja.igluloc.com.br\/wp\/wp-content\/uploads\/2023\/09\/site-ilgu-768x352.png 768w, https:\/\/loja.igluloc.com.br\/wp\/wp-content\/uploads\/2023\/09\/site-ilgu-1536x704.png 1536w, https:\/\/loja.igluloc.com.br\/wp\/wp-content\/uploads\/2023\/09\/site-ilgu-860x394.png 860w, https:\/\/loja.igluloc.com.br\/wp\/wp-content\/uploads\/2023\/09\/site-ilgu-430x197.png 430w, https:\/\/loja.igluloc.com.br\/wp\/wp-content\/uploads\/2023\/09\/site-ilgu-700x321.png 700w, https:\/\/loja.igluloc.com.br\/wp\/wp-content\/uploads\/2023\/09\/site-ilgu-150x69.png 150w, https:\/\/loja.igluloc.com.br\/wp\/wp-content\/uploads\/2023\/09\/site-ilgu.png 1902w\" sizes=\"(max-width: 1300px) 100vw, 1300px\" \/>\t\t\t\t\t\t\t\t\t\t\t\t\t\t\t<\/div>\n\t\t\t\t<\/div>\n\t\t\t\t\t<\/div>\n\t\t<\/div>\n\t\t\t\t\t\t\t<\/div>\n\t\t<\/section>\n\t\t\t\t<section class=\"elementor-section elementor-top-section elementor-element elementor-element-fc9cf34 elementor-section-content-middle elementor-reverse-mobile elementor-section-boxed elementor-section-height-default elementor-section-height-default wd-section-disabled\" data-id=\"fc9cf34\" data-element_type=\"section\">\n\t\t\t\t\t\t<div class=\"elementor-container elementor-column-gap-default\">\n\t\t\t\t\t<div class=\"elementor-column elementor-col-50 elementor-top-column elementor-element elementor-element-5fb5b1f\" data-id=\"5fb5b1f\" data-element_type=\"column\">\n\t\t\t<div class=\"elementor-widget-wrap elementor-element-populated\">\n\t\t\t\t\t\t\t\t<div class=\"elementor-element elementor-element-b015102 elementor-widget elementor-widget-image\" data-id=\"b015102\" data-element_type=\"widget\" data-widget_type=\"image.default\">\n\t\t\t\t<div class=\"elementor-widget-container\">\n\t\t\t\t\t\t\t\t\t\t\t\t\t\t\t<img decoding=\"async\" width=\"1300\" height=\"538\" src=\"https:\/\/loja.igluloc.com.br\/wp\/wp-content\/uploads\/2023\/09\/carrinho-1300x538.png\" class=\"attachment-large size-large wp-image-9910\" alt=\"\" srcset=\"https:\/\/loja.igluloc.com.br\/wp\/wp-content\/uploads\/2023\/09\/carrinho-1300x538.png 1300w, https:\/\/loja.igluloc.com.br\/wp\/wp-content\/uploads\/2023\/09\/carrinho-400x166.png 400w, https:\/\/loja.igluloc.com.br\/wp\/wp-content\/uploads\/2023\/09\/carrinho-768x318.png 768w, https:\/\/loja.igluloc.com.br\/wp\/wp-content\/uploads\/2023\/09\/carrinho-1536x636.png 1536w, https:\/\/loja.igluloc.com.br\/wp\/wp-content\/uploads\/2023\/09\/carrinho-860x356.png 860w, https:\/\/loja.igluloc.com.br\/wp\/wp-content\/uploads\/2023\/09\/carrinho-430x178.png 430w, https:\/\/loja.igluloc.com.br\/wp\/wp-content\/uploads\/2023\/09\/carrinho-700x290.png 700w, https:\/\/loja.igluloc.com.br\/wp\/wp-content\/uploads\/2023\/09\/carrinho-150x62.png 150w, https:\/\/loja.igluloc.com.br\/wp\/wp-content\/uploads\/2023\/09\/carrinho.png 1585w\" sizes=\"(max-width: 1300px) 100vw, 1300px\" \/>\t\t\t\t\t\t\t\t\t\t\t\t\t\t\t<\/div>\n\t\t\t\t<\/div>\n\t\t\t\t\t<\/div>\n\t\t<\/div>\n\t\t\t\t<div class=\"elementor-column elementor-col-50 elementor-top-column elementor-element elementor-element-5e82fbc\" data-id=\"5e82fbc\" data-element_type=\"column\">\n\t\t\t<div class=\"elementor-widget-wrap elementor-element-populated\">\n\t\t\t\t\t\t\t\t<div class=\"elementor-element elementor-element-fcc4beb color-scheme-inherit text-left elementor-widget elementor-widget-text-editor\" data-id=\"fcc4beb\" data-element_type=\"widget\" data-widget_type=\"text-editor.default\">\n\t\t\t\t<div class=\"elementor-widget-container\">\n\t\t\t\t\t\t\t<p><strong>Passo 2: Adicione ao Carrinho<\/strong><\/p><ol><li>Ap\u00f3s encontrar o equipamento que deseja alugar, clique no bot\u00e3o &#8220;Alugar&#8221;.<\/li><li>Uma janela de carrinho aparecer\u00e1, mostrando o item que voc\u00ea escolheu e o valor total do aluguel.<\/li><li>Voc\u00ea pode continuar navegando e adicionando mais itens ao seu carrinho, se desejar.<\/li><li>Quando estiver pronto para finalizar sua sele\u00e7\u00e3o, clique no \u00edcone do carrinho no canto superior direito da p\u00e1gina para revisar e confirmar seus itens.<\/li><\/ol>\t\t\t\t\t\t<\/div>\n\t\t\t\t<\/div>\n\t\t\t\t\t<\/div>\n\t\t<\/div>\n\t\t\t\t\t\t\t<\/div>\n\t\t<\/section>\n\t\t\t\t<section class=\"elementor-section elementor-top-section elementor-element elementor-element-feff112 elementor-section-content-middle elementor-section-boxed elementor-section-height-default elementor-section-height-default wd-section-disabled\" data-id=\"feff112\" data-element_type=\"section\">\n\t\t\t\t\t\t<div class=\"elementor-container elementor-column-gap-default\">\n\t\t\t\t\t<div class=\"elementor-column elementor-col-50 elementor-top-column elementor-element elementor-element-770255e\" data-id=\"770255e\" data-element_type=\"column\">\n\t\t\t<div class=\"elementor-widget-wrap elementor-element-populated\">\n\t\t\t\t\t\t\t\t<div class=\"elementor-element elementor-element-9939a42 color-scheme-inherit text-left elementor-widget elementor-widget-text-editor\" data-id=\"9939a42\" data-element_type=\"widget\" data-widget_type=\"text-editor.default\">\n\t\t\t\t<div class=\"elementor-widget-container\">\n\t\t\t\t\t\t\t<p><strong>Passo 3: Finalize o aluguel com o Atendente no WhatsApp<\/strong><\/p><ol><li>No carrinho de compras, revise sua sele\u00e7\u00e3o e clique em &#8220;Alugar via WhatsApp&#8221;.<\/li><li>Voc\u00ea ser\u00e1 redirecionado para o Whatsapp no qual todas as infoma\u00e7\u00f5es do produto j\u00e1 estaram descritas, bastando apenas enviar e esperar o atendente para maiores detalhes.<\/li><li>Ap\u00f3s a confirma\u00e7\u00e3o do pedido, um de nossos atendentes entrar\u00e1 em contato com voc\u00ea pelo WhatsApp para concluir o processo de aluguel. Eles ajudar\u00e3o com os detalhes finais, como pagamento, datas de retirada e devolu\u00e7\u00e3o, e quaisquer outras perguntas que voc\u00ea possa ter.<\/li><\/ol>\t\t\t\t\t\t<\/div>\n\t\t\t\t<\/div>\n\t\t\t\t\t<\/div>\n\t\t<\/div>\n\t\t\t\t<div class=\"elementor-column elementor-col-50 elementor-top-column elementor-element elementor-element-799c392\" data-id=\"799c392\" data-element_type=\"column\">\n\t\t\t<div class=\"elementor-widget-wrap elementor-element-populated\">\n\t\t\t\t\t\t\t\t<div class=\"elementor-element elementor-element-ff922af elementor-widget elementor-widget-image\" data-id=\"ff922af\" data-element_type=\"widget\" data-widget_type=\"image.default\">\n\t\t\t\t<div class=\"elementor-widget-container\">\n\t\t\t\t\t\t\t\t\t\t\t\t\t\t\t<img decoding=\"async\" width=\"1191\" height=\"800\" src=\"https:\/\/loja.igluloc.com.br\/wp\/wp-content\/uploads\/2023\/09\/wpp-1-1191x800.png\" class=\"attachment-large size-large wp-image-9912\" alt=\"\" srcset=\"https:\/\/loja.igluloc.com.br\/wp\/wp-content\/uploads\/2023\/09\/wpp-1-1191x800.png 1191w, https:\/\/loja.igluloc.com.br\/wp\/wp-content\/uploads\/2023\/09\/wpp-1-400x269.png 400w, https:\/\/loja.igluloc.com.br\/wp\/wp-content\/uploads\/2023\/09\/wpp-1-768x516.png 768w, https:\/\/loja.igluloc.com.br\/wp\/wp-content\/uploads\/2023\/09\/wpp-1-860x578.png 860w, https:\/\/loja.igluloc.com.br\/wp\/wp-content\/uploads\/2023\/09\/wpp-1-430x289.png 430w, https:\/\/loja.igluloc.com.br\/wp\/wp-content\/uploads\/2023\/09\/wpp-1-700x470.png 700w, https:\/\/loja.igluloc.com.br\/wp\/wp-content\/uploads\/2023\/09\/wpp-1-150x101.png 150w, https:\/\/loja.igluloc.com.br\/wp\/wp-content\/uploads\/2023\/09\/wpp-1.png 1297w\" sizes=\"(max-width: 1191px) 100vw, 1191px\" \/>\t\t\t\t\t\t\t\t\t\t\t\t\t\t\t<\/div>\n\t\t\t\t<\/div>\n\t\t\t\t\t<\/div>\n\t\t<\/div>\n\t\t\t\t\t\t\t<\/div>\n\t\t<\/section>\n\t\t\t\t<section class=\"elementor-section elementor-top-section elementor-element elementor-element-af0208b elementor-section-boxed elementor-section-height-default elementor-section-height-default wd-section-disabled\" data-id=\"af0208b\" data-element_type=\"section\">\n\t\t\t\t\t\t<div class=\"elementor-container elementor-column-gap-default\">\n\t\t\t\t\t<div class=\"elementor-column elementor-col-100 elementor-top-column elementor-element elementor-element-9573bfd\" data-id=\"9573bfd\" data-element_type=\"column\">\n\t\t\t<div class=\"elementor-widget-wrap elementor-element-populated\">\n\t\t\t\t\t\t\t\t<div class=\"elementor-element elementor-element-cc3c596 color-scheme-inherit text-left elementor-widget elementor-widget-text-editor\" data-id=\"cc3c596\" data-element_type=\"widget\" data-widget_type=\"text-editor.default\">\n\t\t\t\t<div class=\"elementor-widget-container\">\n\t\t\t\t\t\t\t<p>E pronto! Voc\u00ea est\u00e1 no caminho certo para alugar o equipamento de fotografia que voc\u00ea precisa para criar imagens incr\u00edveis. Se tiver alguma d\u00favida durante o processo, nossa equipe de atendimento ao cliente estar\u00e1 sempre dispon\u00edvel para ajudar. Aproveite a sua experi\u00eancia de aluguel e boa fotografia!<\/p>\t\t\t\t\t\t<\/div>\n\t\t\t\t<\/div>\n\t\t\t\t\t<\/div>\n\t\t<\/div>\n\t\t\t\t\t\t\t<\/div>\n\t\t<\/section>\n\t\t\t\t\t\t\t<\/div>\n\t\t","protected":false},"excerpt":{"rendered":"<p>Passo 1: Encontre o Produto no Site Acesse nosso site. Navegue pela nossa sele\u00e7\u00e3o de equipamentos de fotografia. Voc\u00ea pode<\/p>\n","protected":false},"author":1,"featured_media":0,"parent":0,"menu_order":0,"comment_status":"closed","ping_status":"closed","template":"elementor_header_footer","meta":{"footnotes":""},"class_list":["post-9898","page","type-page","status-publish","hentry"],"_links":{"self":[{"href":"https:\/\/loja.igluloc.com.br\/wp\/index.php?rest_route=\/wp\/v2\/pages\/9898","targetHints":{"allow":["GET"]}}],"collection":[{"href":"https:\/\/loja.igluloc.com.br\/wp\/index.php?rest_route=\/wp\/v2\/pages"}],"about":[{"href":"https:\/\/loja.igluloc.com.br\/wp\/index.php?rest_route=\/wp\/v2\/types\/page"}],"author":[{"embeddable":true,"href":"https:\/\/loja.igluloc.com.br\/wp\/index.php?rest_route=\/wp\/v2\/users\/1"}],"replies":[{"embeddable":true,"href":"https:\/\/loja.igluloc.com.br\/wp\/index.php?rest_route=%2Fwp%2Fv2%2Fcomments&post=9898"}],"version-history":[{"count":25,"href":"https:\/\/loja.igluloc.com.br\/wp\/index.php?rest_route=\/wp\/v2\/pages\/9898\/revisions"}],"predecessor-version":[{"id":10093,"href":"https:\/\/loja.igluloc.com.br\/wp\/index.php?rest_route=\/wp\/v2\/pages\/9898\/revisions\/10093"}],"wp:attachment":[{"href":"https:\/\/loja.igluloc.com.br\/wp\/index.php?rest_route=%2Fwp%2Fv2%2Fmedia&parent=9898"}],"curies":[{"name":"wp","href":"https:\/\/api.w.org\/{rel}","templated":true}]}}