{"id":9178,"date":"2023-08-20T03:14:11","date_gmt":"2023-08-20T03:14:11","guid":{"rendered":"https:\/\/loja.igluloc.com.br\/wp\/?product=blackmagic-6k-pro"},"modified":"2023-09-11T19:21:59","modified_gmt":"2023-09-11T19:21:59","slug":"blackmagic-6k-pro","status":"publish","type":"product","link":"https:\/\/loja.igluloc.com.br\/wp\/?product=blackmagic-6k-pro","title":{"rendered":"BLACKMAGIC 6K PRO"},"content":{"rendered":"<ul>\n<li>Sensor Super 35 HDR<\/li>\n<li>Tela sens\u00edvel ao toque LCD inclin\u00e1vel de 5&#8243;<\/li>\n<li>Grava em 6K 6144 x 3456 em at\u00e9 50 fps<\/li>\n<li>Slots de cart\u00e3o CFast 2.0 e SD\/UHS-II<\/li>\n<li>Grava at\u00e9 120 fps com janela 2.8K\/1080p<\/li>\n<li>Canon Active EF Mount, entradas Mini XLR<\/li>\n<li>Suporta EVF Pro opcional<\/li>\n<li>ISO 400\/3200 nativo duplo de at\u00e9 25.600<\/li>\n<\/ul>\n","protected":false},"excerpt":{"rendered":"<p>Sensor Super 35 HDR Tela sens\u00edvel ao toque LCD inclin\u00e1vel de 5&#8243; Grava em 6K 6144 x 3456 em at\u00e9<\/p>\n","protected":false},"featured_media":9180,"comment_status":"closed","ping_status":"closed","template":"","meta":[],"product_cat":[72],"product_tag":[],"class_list":{"0":"post-9178","1":"product","2":"type-product","3":"status-publish","4":"has-post-thumbnail","6":"product_cat-cameras","8":"first","9":"instock","10":"purchasable","11":"product-type-simple"},"_links":{"self":[{"href":"https:\/\/loja.igluloc.com.br\/wp\/index.php?rest_route=\/wp\/v2\/product\/9178","targetHints":{"allow":["GET"]}}],"collection":[{"href":"https:\/\/loja.igluloc.com.br\/wp\/index.php?rest_route=\/wp\/v2\/product"}],"about":[{"href":"https:\/\/loja.igluloc.com.br\/wp\/index.php?rest_route=\/wp\/v2\/types\/product"}],"replies":[{"embeddable":true,"href":"https:\/\/loja.igluloc.com.br\/wp\/index.php?rest_route=%2Fwp%2Fv2%2Fcomments&post=9178"}],"version-history":[{"count":3,"href":"https:\/\/loja.igluloc.com.br\/wp\/index.php?rest_route=\/wp\/v2\/product\/9178\/revisions"}],"predecessor-version":[{"id":10042,"href":"https:\/\/loja.igluloc.com.br\/wp\/index.php?rest_route=\/wp\/v2\/product\/9178\/revisions\/10042"}],"wp:featuredmedia":[{"embeddable":true,"href":"https:\/\/loja.igluloc.com.br\/wp\/index.php?rest_route=\/wp\/v2\/media\/9180"}],"wp:attachment":[{"href":"https:\/\/loja.igluloc.com.br\/wp\/index.php?rest_route=%2Fwp%2Fv2%2Fmedia&parent=9178"}],"wp:term":[{"taxonomy":"product_cat","embeddable":true,"href":"https:\/\/loja.igluloc.com.br\/wp\/index.php?rest_route=%2Fwp%2Fv2%2Fproduct_cat&post=9178"},{"taxonomy":"product_tag","embeddable":true,"href":"https:\/\/loja.igluloc.com.br\/wp\/index.php?rest_route=%2Fwp%2Fv2%2Fproduct_tag&post=9178"}],"curies":[{"name":"wp","href":"https:\/\/api.w.org\/{rel}","templated":true}]}}