{"id":9184,"date":"2023-08-20T03:14:11","date_gmt":"2023-08-20T03:14:11","guid":{"rendered":"https:\/\/loja.igluloc.com.br\/wp\/?product=gopro-hero-10-black"},"modified":"2023-09-11T19:28:21","modified_gmt":"2023-09-11T19:28:21","slug":"gopro-hero-10-black","status":"publish","type":"product","link":"https:\/\/loja.igluloc.com.br\/wp\/?product=gopro-hero-10-black","title":{"rendered":"GOPRO HERO 10 BLACK"},"content":{"rendered":"<ul>\n<li>&#8211; Grava\u00e7\u00e3o em 5.3K 60fps, 4K 120fps, 2,7K 240fps<\/li>\n<li>&#8211; V\u00eddeo em loop<\/li>\n<li>&#8211; C\u00e2mera 8x mais lenta<\/li>\n<li>&#8211; Captura de quadro de 15,8 MP<\/li>\n<li>&#8211; Leitor de cart\u00e3o\u00a0MicroSD<\/li>\n<li>&#8211;\u00a0Alimentado a bateria com conex\u00e3o USB-C<\/li>\n<li>&#8211;\u00a0HyperSmooth 4.0<\/li>\n<li>&#8211;\u00a0Resistente e \u00e0 prova d&#8217;\u00e1gua a at\u00e9 10 m<\/li>\n<\/ul>\n","protected":false},"excerpt":{"rendered":"<p>&#8211; Grava\u00e7\u00e3o em 5.3K 60fps, 4K 120fps, 2,7K 240fps &#8211; V\u00eddeo em loop &#8211; C\u00e2mera 8x mais lenta &#8211; Captura<\/p>\n","protected":false},"featured_media":9186,"comment_status":"closed","ping_status":"closed","template":"","meta":[],"product_cat":[72],"product_tag":[],"class_list":{"0":"post-9184","1":"product","2":"type-product","3":"status-publish","4":"has-post-thumbnail","6":"product_cat-cameras","8":"first","9":"instock","10":"purchasable","11":"product-type-simple"},"_links":{"self":[{"href":"https:\/\/loja.igluloc.com.br\/wp\/index.php?rest_route=\/wp\/v2\/product\/9184","targetHints":{"allow":["GET"]}}],"collection":[{"href":"https:\/\/loja.igluloc.com.br\/wp\/index.php?rest_route=\/wp\/v2\/product"}],"about":[{"href":"https:\/\/loja.igluloc.com.br\/wp\/index.php?rest_route=\/wp\/v2\/types\/product"}],"replies":[{"embeddable":true,"href":"https:\/\/loja.igluloc.com.br\/wp\/index.php?rest_route=%2Fwp%2Fv2%2Fcomments&post=9184"}],"version-history":[{"count":2,"href":"https:\/\/loja.igluloc.com.br\/wp\/index.php?rest_route=\/wp\/v2\/product\/9184\/revisions"}],"predecessor-version":[{"id":10051,"href":"https:\/\/loja.igluloc.com.br\/wp\/index.php?rest_route=\/wp\/v2\/product\/9184\/revisions\/10051"}],"wp:featuredmedia":[{"embeddable":true,"href":"https:\/\/loja.igluloc.com.br\/wp\/index.php?rest_route=\/wp\/v2\/media\/9186"}],"wp:attachment":[{"href":"https:\/\/loja.igluloc.com.br\/wp\/index.php?rest_route=%2Fwp%2Fv2%2Fmedia&parent=9184"}],"wp:term":[{"taxonomy":"product_cat","embeddable":true,"href":"https:\/\/loja.igluloc.com.br\/wp\/index.php?rest_route=%2Fwp%2Fv2%2Fproduct_cat&post=9184"},{"taxonomy":"product_tag","embeddable":true,"href":"https:\/\/loja.igluloc.com.br\/wp\/index.php?rest_route=%2Fwp%2Fv2%2Fproduct_tag&post=9184"}],"curies":[{"name":"wp","href":"https:\/\/api.w.org\/{rel}","templated":true}]}}