{"id":9198,"date":"2023-08-20T03:14:11","date_gmt":"2023-08-20T03:14:11","guid":{"rendered":"https:\/\/loja.igluloc.com.br\/wp\/?product=canon-60d"},"modified":"2023-09-11T19:32:31","modified_gmt":"2023-09-11T19:32:31","slug":"canon-60d","status":"publish","type":"product","link":"https:\/\/loja.igluloc.com.br\/wp\/?product=canon-60d","title":{"rendered":"CANON 60D"},"content":{"rendered":"<ul>\n<li>&#8211; Sensor CMOS APS-C de 18 MP<\/li>\n<li>&#8211; Fun\u00e7\u00f5es criativas avan\u00e7adas<\/li>\n<li>&#8211; LCD de \u00e2ngulo vari\u00e1vel com 7,7 cm (3,0&#8243;) e rela\u00e7\u00e3o de 3:2<\/li>\n<li>&#8211; Filmes Full HD- DIGIC 4<\/li>\n<li>&#8211; ISO 100-6400, H:12800<\/li>\n<li>&#8211; Grava\u00e7\u00e3o a 5,3 fps para at\u00e9 58 JPEG<\/li>\n<li>&#8211; Sistema AF de tipo cruzado de 9 pontos<\/li>\n<li>&#8211; Medi\u00e7\u00e3o iFCL com sensor de dupla camada de 63 zonas<\/li>\n<\/ul>\n","protected":false},"excerpt":{"rendered":"<p>&#8211; Sensor CMOS APS-C de 18 MP &#8211; Fun\u00e7\u00f5es criativas avan\u00e7adas &#8211; LCD de \u00e2ngulo vari\u00e1vel com 7,7 cm (3,0&#8243;)<\/p>\n","protected":false},"featured_media":9200,"comment_status":"closed","ping_status":"closed","template":"","meta":[],"product_cat":[72],"product_tag":[],"class_list":{"0":"post-9198","1":"product","2":"type-product","3":"status-publish","4":"has-post-thumbnail","6":"product_cat-cameras","8":"first","9":"instock","10":"purchasable","11":"product-type-simple"},"_links":{"self":[{"href":"https:\/\/loja.igluloc.com.br\/wp\/index.php?rest_route=\/wp\/v2\/product\/9198","targetHints":{"allow":["GET"]}}],"collection":[{"href":"https:\/\/loja.igluloc.com.br\/wp\/index.php?rest_route=\/wp\/v2\/product"}],"about":[{"href":"https:\/\/loja.igluloc.com.br\/wp\/index.php?rest_route=\/wp\/v2\/types\/product"}],"replies":[{"embeddable":true,"href":"https:\/\/loja.igluloc.com.br\/wp\/index.php?rest_route=%2Fwp%2Fv2%2Fcomments&post=9198"}],"version-history":[{"count":2,"href":"https:\/\/loja.igluloc.com.br\/wp\/index.php?rest_route=\/wp\/v2\/product\/9198\/revisions"}],"predecessor-version":[{"id":10057,"href":"https:\/\/loja.igluloc.com.br\/wp\/index.php?rest_route=\/wp\/v2\/product\/9198\/revisions\/10057"}],"wp:featuredmedia":[{"embeddable":true,"href":"https:\/\/loja.igluloc.com.br\/wp\/index.php?rest_route=\/wp\/v2\/media\/9200"}],"wp:attachment":[{"href":"https:\/\/loja.igluloc.com.br\/wp\/index.php?rest_route=%2Fwp%2Fv2%2Fmedia&parent=9198"}],"wp:term":[{"taxonomy":"product_cat","embeddable":true,"href":"https:\/\/loja.igluloc.com.br\/wp\/index.php?rest_route=%2Fwp%2Fv2%2Fproduct_cat&post=9198"},{"taxonomy":"product_tag","embeddable":true,"href":"https:\/\/loja.igluloc.com.br\/wp\/index.php?rest_route=%2Fwp%2Fv2%2Fproduct_tag&post=9198"}],"curies":[{"name":"wp","href":"https:\/\/api.w.org\/{rel}","templated":true}]}}