{"id":9204,"date":"2023-08-20T03:14:11","date_gmt":"2023-08-20T03:14:11","guid":{"rendered":"https:\/\/loja.igluloc.com.br\/wp\/?product=gopro-max-360"},"modified":"2023-09-11T19:26:36","modified_gmt":"2023-09-11T19:26:36","slug":"gopro-max-360","status":"publish","type":"product","link":"https:\/\/loja.igluloc.com.br\/wp\/?product=gopro-max-360","title":{"rendered":"GOPRO MAX 360"},"content":{"rendered":"<p>CARACTER\u00cdSTICAS:<\/p>\n<ul>\n<li>&#8211; Inclui c\u00e2mera GoPro MAX, estojo para c\u00e2mera, bateria recarregav\u00e9l, suporte adesivo curvo, duas lentes protetoras + capas para lente, bolsa de microfibra, fivela de montagem + parafuso de ajuste manual e cabo USB-C.<\/li>\n<li>&#8211; Capture com o modo HERO ou com o modo 360\u00ba e obtenha imagens impressionantes em 6K.<\/li>\n<li>&#8211; Estabiliza\u00e7\u00e3o com o Max HyperSmooth<\/li>\n<li>&#8211; \u00c0 prova d&#8217;\u00e1gua at\u00e9 5\u00a0m + estrutura resistente<\/li>\n<li>&#8211; \u00c1udio premium em 360\u00ba + est\u00e9reo de seis microfones<\/li>\n<li>&#8211; Transmiss\u00e3o ao vivo em 1080p<\/li>\n<li>&#8211; Max TimeWarp, PowerPano, quatro lentes digitais + v\u00e1rios outros recursos<\/li>\n<li>&#8211; Compat\u00edvel com o aplicativo Quik<\/li>\n<li>&#8211; Compat\u00edvel com mais de 30 suportes + acess\u00f3rios<\/li>\n<li>&#8211; \u00c9 necess\u00e1rio um cart\u00e3o microSD<\/li>\n<\/ul>\n","protected":false},"excerpt":{"rendered":"<p>CARACTER\u00cdSTICAS: &#8211; Inclui c\u00e2mera GoPro MAX, estojo para c\u00e2mera, bateria recarregav\u00e9l, suporte adesivo curvo, duas lentes protetoras + capas para<\/p>\n","protected":false},"featured_media":9206,"comment_status":"closed","ping_status":"closed","template":"","meta":[],"product_cat":[72],"product_tag":[],"class_list":{"0":"post-9204","1":"product","2":"type-product","3":"status-publish","4":"has-post-thumbnail","6":"product_cat-cameras","8":"first","9":"instock","10":"purchasable","11":"product-type-simple"},"_links":{"self":[{"href":"https:\/\/loja.igluloc.com.br\/wp\/index.php?rest_route=\/wp\/v2\/product\/9204","targetHints":{"allow":["GET"]}}],"collection":[{"href":"https:\/\/loja.igluloc.com.br\/wp\/index.php?rest_route=\/wp\/v2\/product"}],"about":[{"href":"https:\/\/loja.igluloc.com.br\/wp\/index.php?rest_route=\/wp\/v2\/types\/product"}],"replies":[{"embeddable":true,"href":"https:\/\/loja.igluloc.com.br\/wp\/index.php?rest_route=%2Fwp%2Fv2%2Fcomments&post=9204"}],"version-history":[{"count":3,"href":"https:\/\/loja.igluloc.com.br\/wp\/index.php?rest_route=\/wp\/v2\/product\/9204\/revisions"}],"predecessor-version":[{"id":10048,"href":"https:\/\/loja.igluloc.com.br\/wp\/index.php?rest_route=\/wp\/v2\/product\/9204\/revisions\/10048"}],"wp:featuredmedia":[{"embeddable":true,"href":"https:\/\/loja.igluloc.com.br\/wp\/index.php?rest_route=\/wp\/v2\/media\/9206"}],"wp:attachment":[{"href":"https:\/\/loja.igluloc.com.br\/wp\/index.php?rest_route=%2Fwp%2Fv2%2Fmedia&parent=9204"}],"wp:term":[{"taxonomy":"product_cat","embeddable":true,"href":"https:\/\/loja.igluloc.com.br\/wp\/index.php?rest_route=%2Fwp%2Fv2%2Fproduct_cat&post=9204"},{"taxonomy":"product_tag","embeddable":true,"href":"https:\/\/loja.igluloc.com.br\/wp\/index.php?rest_route=%2Fwp%2Fv2%2Fproduct_tag&post=9204"}],"curies":[{"name":"wp","href":"https:\/\/api.w.org\/{rel}","templated":true}]}}