{"id":9207,"date":"2023-08-20T03:14:11","date_gmt":"2023-08-20T03:14:11","guid":{"rendered":"https:\/\/loja.igluloc.com.br\/wp\/?product=arri-alexa-mini"},"modified":"2023-09-11T19:25:46","modified_gmt":"2023-09-11T19:25:46","slug":"arri-alexa-mini","status":"publish","type":"product","link":"https:\/\/loja.igluloc.com.br\/wp\/?product=arri-alexa-mini","title":{"rendered":"ARRI ALEXA MINI"},"content":{"rendered":"<p>C\u00c2MERA:01<\/p>\n<ul>\n<li>&#8211; ARRI ALEXA MINI CAMERA BODY + ARRIRAW + 4:3\u00a001 &#8211; ALEXA MINI VIEW FINDER\u00a001<\/li>\n<li>&#8211; PL MOUNT LDS TITANACESS\u00d3RIOS DE C\u00c2MERA:01<\/li>\n<li>&#8211; ALEXA MINI TO MVF-1 CABLE 0,75M (29&#8243;)01<\/li>\n<li>&#8211; TOP HANDLE TILTA<\/li>\n<li>&#8211; A \u2013 15mm04<\/li>\n<li>&#8211; PAR DE VARETAS 15mm<\/li>\n<li>\u2013 10cm \/ 15cm \/ 30cm \/ 45cm01<\/li>\n<li>&#8211; BRIDGE PLATE BP-8 COM BASE DESLISANTE 19mm Varetas CURTAS E LONGAS01<\/li>\n<li>&#8211; BASE PLATE SONY COM ENCAIXE DE LIBERA\u00c7\u00c3O R\u00c1PIDA01<\/li>\n<li>&#8211; GRADE DE EXTENS\u00c3O PAINEL LATERAL COM PERFURA\u00c7\u00d5ES01<\/li>\n<li>&#8211; PLATE GOLD MONT TILTA01 &#8211; ADAPTADOR GOLD MONT \/ V-MOUNT05<\/li>\n<li>&#8211; BATERIA V-MOUNT IDX DUE 198WH04<\/li>\n<li>&#8211; BATERIA V-MOUNT IDX CUE 98WH01<\/li>\n<li>&#8211; CARREGADOR DE BATERIAS IDX DE 4 VIAS01<\/li>\n<li>&#8211; CARREGADOR DE BATERIAS IDX DE 2 VIAS06<\/li>\n<li>&#8211; SANDISK PRO 3500X CF2.0 CARD 256 GB02<\/li>\n<li>&#8211; LEITOR CF2.0 \u2013 USB 3.001 &#8211; HANDLE CANVATE<\/li>\n<\/ul>\n","protected":false},"excerpt":{"rendered":"<p>C\u00c2MERA:01 &#8211; ARRI ALEXA MINI CAMERA BODY + ARRIRAW + 4:3\u00a001 &#8211; ALEXA MINI VIEW FINDER\u00a001 &#8211; PL MOUNT LDS<\/p>\n","protected":false},"featured_media":9209,"comment_status":"closed","ping_status":"closed","template":"","meta":[],"product_cat":[72],"product_tag":[],"class_list":{"0":"post-9207","1":"product","2":"type-product","3":"status-publish","4":"has-post-thumbnail","6":"product_cat-cameras","8":"first","9":"instock","10":"purchasable","11":"product-type-simple"},"_links":{"self":[{"href":"https:\/\/loja.igluloc.com.br\/wp\/index.php?rest_route=\/wp\/v2\/product\/9207","targetHints":{"allow":["GET"]}}],"collection":[{"href":"https:\/\/loja.igluloc.com.br\/wp\/index.php?rest_route=\/wp\/v2\/product"}],"about":[{"href":"https:\/\/loja.igluloc.com.br\/wp\/index.php?rest_route=\/wp\/v2\/types\/product"}],"replies":[{"embeddable":true,"href":"https:\/\/loja.igluloc.com.br\/wp\/index.php?rest_route=%2Fwp%2Fv2%2Fcomments&post=9207"}],"version-history":[{"count":3,"href":"https:\/\/loja.igluloc.com.br\/wp\/index.php?rest_route=\/wp\/v2\/product\/9207\/revisions"}],"predecessor-version":[{"id":10046,"href":"https:\/\/loja.igluloc.com.br\/wp\/index.php?rest_route=\/wp\/v2\/product\/9207\/revisions\/10046"}],"wp:featuredmedia":[{"embeddable":true,"href":"https:\/\/loja.igluloc.com.br\/wp\/index.php?rest_route=\/wp\/v2\/media\/9209"}],"wp:attachment":[{"href":"https:\/\/loja.igluloc.com.br\/wp\/index.php?rest_route=%2Fwp%2Fv2%2Fmedia&parent=9207"}],"wp:term":[{"taxonomy":"product_cat","embeddable":true,"href":"https:\/\/loja.igluloc.com.br\/wp\/index.php?rest_route=%2Fwp%2Fv2%2Fproduct_cat&post=9207"},{"taxonomy":"product_tag","embeddable":true,"href":"https:\/\/loja.igluloc.com.br\/wp\/index.php?rest_route=%2Fwp%2Fv2%2Fproduct_tag&post=9207"}],"curies":[{"name":"wp","href":"https:\/\/api.w.org\/{rel}","templated":true}]}}