{"id":9395,"date":"2023-08-20T03:18:25","date_gmt":"2023-08-20T03:18:25","guid":{"rendered":"https:\/\/loja.igluloc.com.br\/wp\/?product=mesa-de-producao-dobravel-grande"},"modified":"2023-09-11T19:04:05","modified_gmt":"2023-09-11T19:04:05","slug":"mesa-de-producao-dobravel-grande","status":"publish","type":"product","link":"https:\/\/loja.igluloc.com.br\/wp\/?product=mesa-de-producao-dobravel-grande","title":{"rendered":"MESA DE PRODU\u00c7\u00c3O DOBR\u00c1VEL GRANDE"},"content":{"rendered":"<ul>\n<li>\u00a01,80m de comprimento<\/li>\n<\/ul>\n","protected":false},"excerpt":{"rendered":"<p>\u00a01,80m de comprimento<\/p>\n","protected":false},"featured_media":9397,"comment_status":"closed","ping_status":"closed","template":"","meta":[],"product_cat":[76],"product_tag":[],"class_list":{"0":"post-9395","1":"product","2":"type-product","3":"status-publish","4":"has-post-thumbnail","6":"product_cat-acessorios","8":"first","9":"instock","10":"purchasable","11":"product-type-simple"},"_links":{"self":[{"href":"https:\/\/loja.igluloc.com.br\/wp\/index.php?rest_route=\/wp\/v2\/product\/9395","targetHints":{"allow":["GET"]}}],"collection":[{"href":"https:\/\/loja.igluloc.com.br\/wp\/index.php?rest_route=\/wp\/v2\/product"}],"about":[{"href":"https:\/\/loja.igluloc.com.br\/wp\/index.php?rest_route=\/wp\/v2\/types\/product"}],"replies":[{"embeddable":true,"href":"https:\/\/loja.igluloc.com.br\/wp\/index.php?rest_route=%2Fwp%2Fv2%2Fcomments&post=9395"}],"version-history":[{"count":2,"href":"https:\/\/loja.igluloc.com.br\/wp\/index.php?rest_route=\/wp\/v2\/product\/9395\/revisions"}],"predecessor-version":[{"id":10000,"href":"https:\/\/loja.igluloc.com.br\/wp\/index.php?rest_route=\/wp\/v2\/product\/9395\/revisions\/10000"}],"wp:featuredmedia":[{"embeddable":true,"href":"https:\/\/loja.igluloc.com.br\/wp\/index.php?rest_route=\/wp\/v2\/media\/9397"}],"wp:attachment":[{"href":"https:\/\/loja.igluloc.com.br\/wp\/index.php?rest_route=%2Fwp%2Fv2%2Fmedia&parent=9395"}],"wp:term":[{"taxonomy":"product_cat","embeddable":true,"href":"https:\/\/loja.igluloc.com.br\/wp\/index.php?rest_route=%2Fwp%2Fv2%2Fproduct_cat&post=9395"},{"taxonomy":"product_tag","embeddable":true,"href":"https:\/\/loja.igluloc.com.br\/wp\/index.php?rest_route=%2Fwp%2Fv2%2Fproduct_tag&post=9395"}],"curies":[{"name":"wp","href":"https:\/\/api.w.org\/{rel}","templated":true}]}}