{"id":9428,"date":"2023-08-20T03:19:44","date_gmt":"2023-08-20T03:19:44","guid":{"rendered":"https:\/\/loja.igluloc.com.br\/wp\/?product=radio-flash-xpro-canon"},"modified":"2023-09-11T18:52:18","modified_gmt":"2023-09-11T18:52:18","slug":"radio-flash-xpro-canon","status":"publish","type":"product","link":"https:\/\/loja.igluloc.com.br\/wp\/?product=radio-flash-xpro-canon","title":{"rendered":"R\u00c1DIO FLASH XPRO CANON"},"content":{"rendered":"<ul>\n<li>Suporta 16 grupos e 32 canais para controle sem fio e gatilho.<\/li>\n<li>Adicione 01 a 99 configura\u00e7\u00f5es de ID Wireless- Suporta totalmente flash autom\u00e1tico TTL<\/li>\n<li>Sincronismo de alta velocidade 1 \/ 8000s<\/li>\n<li>Flash m\u00faltiplo, flash manual, compensa\u00e7\u00e3o de exposi\u00e7\u00e3o do flash, transforma\u00e7\u00e3o TCM, fun\u00e7\u00e3o de amplia\u00e7\u00e3o, configura\u00e7\u00e3o one-shot e multi-shot, grupo de modelagem de controle de l\u00e2mpada, ajuste de zoom valor de sa\u00edda dos grupos simultaneamente, etc.<\/li>\n<li>Transmiss\u00e3o sem fio de 2.4GHz, fornecer dist\u00e2ncia de transmiss\u00e3o de 100m e m\u00e9todos de disparo criativos<\/li>\n<li>Visor LCD<\/li>\n<\/ul>\n","protected":false},"excerpt":{"rendered":"<p>Suporta 16 grupos e 32 canais para controle sem fio e gatilho. Adicione 01 a 99 configura\u00e7\u00f5es de ID Wireless-<\/p>\n","protected":false},"featured_media":9430,"comment_status":"closed","ping_status":"closed","template":"","meta":[],"product_cat":[76],"product_tag":[],"class_list":{"0":"post-9428","1":"product","2":"type-product","3":"status-publish","4":"has-post-thumbnail","6":"product_cat-acessorios","8":"first","9":"instock","10":"purchasable","11":"product-type-simple"},"_links":{"self":[{"href":"https:\/\/loja.igluloc.com.br\/wp\/index.php?rest_route=\/wp\/v2\/product\/9428","targetHints":{"allow":["GET"]}}],"collection":[{"href":"https:\/\/loja.igluloc.com.br\/wp\/index.php?rest_route=\/wp\/v2\/product"}],"about":[{"href":"https:\/\/loja.igluloc.com.br\/wp\/index.php?rest_route=\/wp\/v2\/types\/product"}],"replies":[{"embeddable":true,"href":"https:\/\/loja.igluloc.com.br\/wp\/index.php?rest_route=%2Fwp%2Fv2%2Fcomments&post=9428"}],"version-history":[{"count":3,"href":"https:\/\/loja.igluloc.com.br\/wp\/index.php?rest_route=\/wp\/v2\/product\/9428\/revisions"}],"predecessor-version":[{"id":9975,"href":"https:\/\/loja.igluloc.com.br\/wp\/index.php?rest_route=\/wp\/v2\/product\/9428\/revisions\/9975"}],"wp:featuredmedia":[{"embeddable":true,"href":"https:\/\/loja.igluloc.com.br\/wp\/index.php?rest_route=\/wp\/v2\/media\/9430"}],"wp:attachment":[{"href":"https:\/\/loja.igluloc.com.br\/wp\/index.php?rest_route=%2Fwp%2Fv2%2Fmedia&parent=9428"}],"wp:term":[{"taxonomy":"product_cat","embeddable":true,"href":"https:\/\/loja.igluloc.com.br\/wp\/index.php?rest_route=%2Fwp%2Fv2%2Fproduct_cat&post=9428"},{"taxonomy":"product_tag","embeddable":true,"href":"https:\/\/loja.igluloc.com.br\/wp\/index.php?rest_route=%2Fwp%2Fv2%2Fproduct_tag&post=9428"}],"curies":[{"name":"wp","href":"https:\/\/api.w.org\/{rel}","templated":true}]}}