{"id":9437,"date":"2023-08-20T03:19:44","date_gmt":"2023-08-20T03:19:44","guid":{"rendered":"https:\/\/loja.igluloc.com.br\/wp\/?product=radio-flash-godox-x2t-p-nikon"},"modified":"2023-09-11T18:54:14","modified_gmt":"2023-09-11T18:54:14","slug":"radio-flash-godox-x2t-p-nikon","status":"publish","type":"product","link":"https:\/\/loja.igluloc.com.br\/wp\/?product=radio-flash-godox-x2t-p-nikon","title":{"rendered":"R\u00c1DIO FLASH GODOX X2T p\/ NIKON"},"content":{"rendered":"<ul>\n<li>Opera em uma freq\u00fc\u00eancia de 2,4 GHz,<\/li>\n<li>Pode disparar v\u00e1rias unidades de flash em 32 canais e 99 configura\u00e7\u00f5es de ID<\/li>\n<li>Sincroniza\u00e7\u00e3o de alta velocidade de 1\/8000s<\/li>\n<li>A fun\u00e7\u00e3o de configura\u00e7\u00e3o de varredura integrada pode ajud\u00e1-lo a localizar automaticamente um canal de ID com o m\u00ednimo de interfer\u00eancia.<\/li>\n<li>Visor LCD do gatilho, que pode ser iluminado com os bot\u00f5es de grupo e fun\u00e7\u00e3o.<\/li>\n<li>Entrada USB Tipo C- O Quick Lock da sapata garante que o gatilho sem fio permane\u00e7a seguro na sapata da c\u00e2mera.<\/li>\n<\/ul>\n","protected":false},"excerpt":{"rendered":"<p>Opera em uma freq\u00fc\u00eancia de 2,4 GHz, Pode disparar v\u00e1rias unidades de flash em 32 canais e 99 configura\u00e7\u00f5es de<\/p>\n","protected":false},"featured_media":9439,"comment_status":"closed","ping_status":"closed","template":"","meta":[],"product_cat":[76],"product_tag":[],"class_list":{"0":"post-9437","1":"product","2":"type-product","3":"status-publish","4":"has-post-thumbnail","6":"product_cat-acessorios","8":"first","9":"instock","10":"purchasable","11":"product-type-simple"},"_links":{"self":[{"href":"https:\/\/loja.igluloc.com.br\/wp\/index.php?rest_route=\/wp\/v2\/product\/9437","targetHints":{"allow":["GET"]}}],"collection":[{"href":"https:\/\/loja.igluloc.com.br\/wp\/index.php?rest_route=\/wp\/v2\/product"}],"about":[{"href":"https:\/\/loja.igluloc.com.br\/wp\/index.php?rest_route=\/wp\/v2\/types\/product"}],"replies":[{"embeddable":true,"href":"https:\/\/loja.igluloc.com.br\/wp\/index.php?rest_route=%2Fwp%2Fv2%2Fcomments&post=9437"}],"version-history":[{"count":2,"href":"https:\/\/loja.igluloc.com.br\/wp\/index.php?rest_route=\/wp\/v2\/product\/9437\/revisions"}],"predecessor-version":[{"id":9979,"href":"https:\/\/loja.igluloc.com.br\/wp\/index.php?rest_route=\/wp\/v2\/product\/9437\/revisions\/9979"}],"wp:featuredmedia":[{"embeddable":true,"href":"https:\/\/loja.igluloc.com.br\/wp\/index.php?rest_route=\/wp\/v2\/media\/9439"}],"wp:attachment":[{"href":"https:\/\/loja.igluloc.com.br\/wp\/index.php?rest_route=%2Fwp%2Fv2%2Fmedia&parent=9437"}],"wp:term":[{"taxonomy":"product_cat","embeddable":true,"href":"https:\/\/loja.igluloc.com.br\/wp\/index.php?rest_route=%2Fwp%2Fv2%2Fproduct_cat&post=9437"},{"taxonomy":"product_tag","embeddable":true,"href":"https:\/\/loja.igluloc.com.br\/wp\/index.php?rest_route=%2Fwp%2Fv2%2Fproduct_tag&post=9437"}],"curies":[{"name":"wp","href":"https:\/\/api.w.org\/{rel}","templated":true}]}}